{"id":935,"date":"2016-07-20T13:27:33","date_gmt":"2016-07-20T13:27:33","guid":{"rendered":"https:\/\/costapestcontrol.com\/services-page\/"},"modified":"2018-07-10T13:53:48","modified_gmt":"2018-07-10T12:53:48","slug":"services-page","status":"publish","type":"page","link":"https:\/\/costapestcontrol.com\/es\/services-page\/","title":{"rendered":"Servicios"},"content":{"rendered":"<p>[vc_row][vc_column]<div class=\"sc_section\"><div class=\"sc_section_inner\"><h2 class=\"sc_section_title sc_item_title\">Control de plagas y exterminaci\u00f3n<\/h2><div class=\"sc_section_descr sc_item_descr\">El principal objetivo de Control de Insectos Costa del Sol S.L. es proponer soluciones efectivas y econ\u00f3micas en la aplicaci\u00f3n de servicios sanitarios, observando una marcada conducta de respeto hacia el medio ambiente. Todos nuestros tratamientos contra las plagas se realizan con la dosis exacta y necesaria seg\u00fan la situaci\u00f3n.<\/div><div class=\"sc_section_content_wrap\"><div id=\"sc_services_876202833_wrap\" class=\"sc_services_wrap\"><div id=\"sc_services_876202833\" class=\"sc_services sc_services_style_services-2 sc_services_type_images  margin_bottom_huge not_show_descr\" style=\"width:100%;\"><div class=\"sc_columns columns_wrap\"><div class=\"column-1_3 column_padding_bottom\">        <div id=\"sc_services_876202833_1\"            class=\"sc_services_item sc_services_item_1 odd first\"\n            >\n                            <div class=\"sc_services_item_featured post_featured\">\n                    \t<div class=\"post_thumb\" data-image=\"https:\/\/costapestcontrol.com\/wp-content\/uploads\/2016\/07\/desinsection.jpg\" data-title=\"Desinsectaci\u00f3n\">\n\t<a class=\"hover_icon hover_icon_link\" href=\"https:\/\/costapestcontrol.com\/es\/services\/insect-control\/\"><img class=\"wp-post-image\" width=\"370\" height=\"350\" alt=\"Desinsectaci\u00f3n\" src=\"https:\/\/costapestcontrol.com\/wp-content\/uploads\/2016\/07\/desinsection-370x350.jpg\"><\/a>\t<\/div>\n\t                    <h4 class=\"sc_services_item_title\"><a href=\"https:\/\/costapestcontrol.com\/es\/services\/insect-control\/\">Desinsectaci\u00f3n<\/a><\/h4>                <\/div>\n                        <div class=\"sc_services_item_content\">\n                <a href=\"https:\/\/costapestcontrol.com\/es\/services\/insect-control\/\"><span class=\"sc_icon icon-icon_insect\"><\/span><\/a><h4 class=\"sc_services_item_title\"><a href=\"https:\/\/costapestcontrol.com\/es\/services\/insect-control\/\">Desinsectaci\u00f3n<\/a><\/h4>\n                <div class=\"sc_services_item_description\">\n                    <p>Todas las medidas y t\u00e9cnicas utilizadas para controlar y eliminar los insectos y otros artr\u00f3podos.<\/p>                <\/div>\n            <\/div>\n        <\/div>\n        <\/div><div class=\"column-1_3 column_padding_bottom\">        <div id=\"sc_services_876202833_2\"            class=\"sc_services_item sc_services_item_2 even\"\n            >\n                            <div class=\"sc_services_item_featured post_featured\">\n                    \t<div class=\"post_thumb\" data-image=\"https:\/\/costapestcontrol.com\/wp-content\/uploads\/2016\/07\/deratisation.jpg\" data-title=\"Desratizaci\u00f3n\">\n\t<a class=\"hover_icon hover_icon_link\" href=\"https:\/\/costapestcontrol.com\/es\/services\/rodent-extermination\/\"><img class=\"wp-post-image\" width=\"370\" height=\"350\" alt=\"Desratizaci\u00f3n\" src=\"https:\/\/costapestcontrol.com\/wp-content\/uploads\/2016\/07\/deratisation-370x350.jpg\"><\/a>\t<\/div>\n\t                    <h4 class=\"sc_services_item_title\"><a href=\"https:\/\/costapestcontrol.com\/es\/services\/rodent-extermination\/\">Desratizaci\u00f3n<\/a><\/h4>                <\/div>\n                        <div class=\"sc_services_item_content\">\n                <a href=\"https:\/\/costapestcontrol.com\/es\/services\/rodent-extermination\/\"><span class=\"sc_icon icon-icon_rodent\"><\/span><\/a><h4 class=\"sc_services_item_title\"><a href=\"https:\/\/costapestcontrol.com\/es\/services\/rodent-extermination\/\">Desratizaci\u00f3n<\/a><\/h4>\n                <div class=\"sc_services_item_description\">\n                    <p>Nos referimos a la t\u00e9cnica de utilizaci\u00f3n de barreras f\u00edsicas y productos capaces de eliminar ratas y ratones.<\/p>                <\/div>\n            <\/div>\n        <\/div>\n        <\/div><div class=\"column-1_3 column_padding_bottom\">        <div id=\"sc_services_876202833_3\"            class=\"sc_services_item sc_services_item_3 odd\"\n            >\n                            <div class=\"sc_services_item_featured post_featured\">\n                    \t<div class=\"post_thumb\" data-image=\"https:\/\/costapestcontrol.com\/wp-content\/uploads\/2016\/07\/disinfection.jpg\" data-title=\"Desinfecci\u00f3n\">\n\t<a class=\"hover_icon hover_icon_link\" href=\"https:\/\/costapestcontrol.com\/es\/services\/disinfection\/\"><img class=\"wp-post-image\" width=\"370\" height=\"350\" alt=\"Desinfecci\u00f3n\" src=\"https:\/\/costapestcontrol.com\/wp-content\/uploads\/2016\/07\/disinfection-370x350.jpg\"><\/a>\t<\/div>\n\t                    <h4 class=\"sc_services_item_title\"><a href=\"https:\/\/costapestcontrol.com\/es\/services\/disinfection\/\">Desinfecci\u00f3n<\/a><\/h4>                <\/div>\n                        <div class=\"sc_services_item_content\">\n                <a href=\"https:\/\/costapestcontrol.com\/es\/services\/disinfection\/\"><span class=\"sc_icon icon-icon_mole\"><\/span><\/a><h4 class=\"sc_services_item_title\"><a href=\"https:\/\/costapestcontrol.com\/es\/services\/disinfection\/\">Desinfecci\u00f3n<\/a><\/h4>\n                <div class=\"sc_services_item_description\">\n                    <p>Our industry standard insect pest control service is guaranteed to get rid of your insect problems<\/p>                <\/div>\n            <\/div>\n        <\/div>\n        <\/div><div class=\"column-1_3 column_padding_bottom\">        <div id=\"sc_services_876202833_4\"            class=\"sc_services_item sc_services_item_4 even\"\n            >\n                            <div class=\"sc_services_item_featured post_featured\">\n                    \t<div class=\"post_thumb\" data-image=\"https:\/\/costapestcontrol.com\/wp-content\/uploads\/2016\/07\/wood.jpg\" data-title=\"Madera &#038; Termitas\">\n\t<a class=\"hover_icon hover_icon_link\" href=\"https:\/\/costapestcontrol.com\/es\/services\/wood-termite-treatments\/\"><img class=\"wp-post-image\" width=\"370\" height=\"350\" alt=\"Madera &#038; Termitas\" src=\"https:\/\/costapestcontrol.com\/wp-content\/uploads\/2016\/07\/wood-370x350.jpg\"><\/a>\t<\/div>\n\t                    <h4 class=\"sc_services_item_title\"><a href=\"https:\/\/costapestcontrol.com\/es\/services\/wood-termite-treatments\/\">Madera &#038; Termitas<\/a><\/h4>                <\/div>\n                        <div class=\"sc_services_item_content\">\n                <a href=\"https:\/\/costapestcontrol.com\/es\/services\/wood-termite-treatments\/\"><span class=\"sc_icon icon-icon1\"><\/span><\/a><h4 class=\"sc_services_item_title\"><a href=\"https:\/\/costapestcontrol.com\/es\/services\/wood-termite-treatments\/\">Madera &#038; Termitas<\/a><\/h4>\n                <div class=\"sc_services_item_description\">\n                    <p>Our industry standard insect pest control service is guaranteed to get rid of your insect problems<\/p>                <\/div>\n            <\/div>\n        <\/div>\n        <\/div><div class=\"column-1_3 column_padding_bottom\">        <div id=\"sc_services_876202833_5\"            class=\"sc_services_item sc_services_item_5 odd\"\n            >\n                            <div class=\"sc_services_item_featured post_featured\">\n                    \t<div class=\"post_thumb\" data-image=\"https:\/\/costapestcontrol.com\/wp-content\/uploads\/2016\/07\/eco-friendly.jpg\" data-title=\"Tecnolog\u00eda ecol\u00f3gica\">\n\t<a class=\"hover_icon hover_icon_link\" href=\"https:\/\/costapestcontrol.com\/es\/services\/eco-friendly-technologies\/\"><img class=\"wp-post-image\" width=\"370\" height=\"350\" alt=\"Tecnolog\u00eda ecol\u00f3gica\" src=\"https:\/\/costapestcontrol.com\/wp-content\/uploads\/2016\/07\/eco-friendly-370x350.jpg\"><\/a>\t<\/div>\n\t                    <h4 class=\"sc_services_item_title\"><a href=\"https:\/\/costapestcontrol.com\/es\/services\/eco-friendly-technologies\/\">Tecnolog\u00eda ecol\u00f3gica<\/a><\/h4>                <\/div>\n                        <div class=\"sc_services_item_content\">\n                <a href=\"https:\/\/costapestcontrol.com\/es\/services\/eco-friendly-technologies\/\"><span class=\"sc_icon icon-icon1\"><\/span><\/a><h4 class=\"sc_services_item_title\"><a href=\"https:\/\/costapestcontrol.com\/es\/services\/eco-friendly-technologies\/\">Tecnolog\u00eda ecol\u00f3gica<\/a><\/h4>\n                <div class=\"sc_services_item_description\">\n                    <p>All the products used by our company are guaranteed by the Ministry of Health. Safety is our number 1 priority.<\/p>                <\/div>\n            <\/div>\n        <\/div>\n        <\/div><div class=\"column-1_3 column_padding_bottom\">        <div id=\"sc_services_876202833_6\"            class=\"sc_services_item sc_services_item_6 even\"\n            >\n                            <div class=\"sc_services_item_featured post_featured\">\n                    \t<div class=\"post_thumb\" data-image=\"https:\/\/costapestcontrol.com\/wp-content\/uploads\/2016\/07\/free-home-inspection.jpg\" data-title=\"Inspecci\u00f3n gratuita\">\n\t<a class=\"hover_icon hover_icon_link\" href=\"https:\/\/costapestcontrol.com\/es\/services\/free-home-inspection\/\"><img class=\"wp-post-image\" width=\"370\" height=\"350\" alt=\"Inspecci\u00f3n gratuita\" src=\"https:\/\/costapestcontrol.com\/wp-content\/uploads\/2016\/07\/free-home-inspection-370x350.jpg\"><\/a>\t<\/div>\n\t                    <h4 class=\"sc_services_item_title\"><a href=\"https:\/\/costapestcontrol.com\/es\/services\/free-home-inspection\/\">Inspecci\u00f3n gratuita<\/a><\/h4>                <\/div>\n                        <div class=\"sc_services_item_content\">\n                <a href=\"https:\/\/costapestcontrol.com\/es\/services\/free-home-inspection\/\"><span class=\"sc_icon icon-icon2\"><\/span><\/a><h4 class=\"sc_services_item_title\"><a href=\"https:\/\/costapestcontrol.com\/es\/services\/free-home-inspection\/\">Inspecci\u00f3n gratuita<\/a><\/h4>\n                <div class=\"sc_services_item_description\">\n                    <p>Our quality policy aims at responding to your questions or requests for services in less than 24 hours.<\/p>                <\/div>\n            <\/div>\n        <\/div>\n        <\/div><div class=\"column-1_3 column_padding_bottom\">        <div id=\"sc_services_876202833_7\"            class=\"sc_services_item sc_services_item_7 odd\"\n            >\n                            <div class=\"sc_services_item_featured post_featured\">\n                    \t<div class=\"post_thumb\" data-image=\"https:\/\/costapestcontrol.com\/wp-content\/uploads\/2016\/07\/prot.jpg\" data-title=\"Con licencia y protegido\">\n\t<a class=\"hover_icon hover_icon_link\" href=\"https:\/\/costapestcontrol.com\/es\/services\/licensed-protected\/\"><img class=\"wp-post-image\" width=\"370\" height=\"350\" alt=\"Con licencia y protegido\" src=\"https:\/\/costapestcontrol.com\/wp-content\/uploads\/2016\/07\/prot-370x350.jpg\"><\/a>\t<\/div>\n\t                    <h4 class=\"sc_services_item_title\"><a href=\"https:\/\/costapestcontrol.com\/es\/services\/licensed-protected\/\">Con licencia y protegido<\/a><\/h4>                <\/div>\n                        <div class=\"sc_services_item_content\">\n                <a href=\"https:\/\/costapestcontrol.com\/es\/services\/licensed-protected\/\"><span class=\"sc_icon icon-icon3\"><\/span><\/a><h4 class=\"sc_services_item_title\"><a href=\"https:\/\/costapestcontrol.com\/es\/services\/licensed-protected\/\">Con licencia y protegido<\/a><\/h4>\n                <div class=\"sc_services_item_description\">\n                    <p>Control de Insectos Costa del Sol S.L. is qualified and fully licensed and certified by the Regional Government of Andalusia.<\/p>                <\/div>\n            <\/div>\n        <\/div>\n        <\/div><div class=\"column-1_3 column_padding_bottom\">        <div id=\"sc_services_876202833_8\"            class=\"sc_services_item sc_services_item_8 even\"\n            >\n                            <div class=\"sc_services_item_featured post_featured\">\n                    \t<div class=\"post_thumb\" data-image=\"https:\/\/costapestcontrol.com\/wp-content\/uploads\/2016\/07\/fast-pest.jpg\" data-title=\"Eliminaci\u00f3n r\u00e1pida\">\n\t<a class=\"hover_icon hover_icon_link\" href=\"https:\/\/costapestcontrol.com\/es\/services\/fast-pest-removal\/\"><img class=\"wp-post-image\" width=\"370\" height=\"350\" alt=\"Eliminaci\u00f3n r\u00e1pida\" src=\"https:\/\/costapestcontrol.com\/wp-content\/uploads\/2016\/07\/fast-pest-370x350.jpg\"><\/a>\t<\/div>\n\t                    <h4 class=\"sc_services_item_title\"><a href=\"https:\/\/costapestcontrol.com\/es\/services\/fast-pest-removal\/\">Eliminaci\u00f3n r\u00e1pida<\/a><\/h4>                <\/div>\n                        <div class=\"sc_services_item_content\">\n                <a href=\"https:\/\/costapestcontrol.com\/es\/services\/fast-pest-removal\/\"><span class=\"sc_icon icon-icon4\"><\/span><\/a><h4 class=\"sc_services_item_title\"><a href=\"https:\/\/costapestcontrol.com\/es\/services\/fast-pest-removal\/\">Eliminaci\u00f3n r\u00e1pida<\/a><\/h4>\n                <div class=\"sc_services_item_description\">\n                    <p>Control de Insectos Costa del Sol S.L. provides solutions to all problems of pest control and environmental health.<\/p>                <\/div>\n            <\/div>\n        <\/div>\n        <\/div><\/div><\/div><!-- \/.sc_services --><\/div><!-- \/.sc_services_wrap --><\/div><\/div><\/div>[\/vc_column][\/vc_row]<\/p>\n","protected":false},"excerpt":{"rendered":"<p>[vc_row][vc_column][\/vc_column][\/vc_row]<\/p>\n","protected":false},"author":1,"featured_media":0,"parent":0,"menu_order":0,"comment_status":"closed","ping_status":"closed","template":"","meta":{"footnotes":""},"_links":{"self":[{"href":"https:\/\/costapestcontrol.com\/es\/wp-json\/wp\/v2\/pages\/935\/"}],"collection":[{"href":"https:\/\/costapestcontrol.com\/es\/wp-json\/wp\/v2\/pages\/"}],"about":[{"href":"https:\/\/costapestcontrol.com\/es\/wp-json\/wp\/v2\/types\/page\/"}],"author":[{"embeddable":true,"href":"https:\/\/costapestcontrol.com\/es\/wp-json\/wp\/v2\/users\/1\/"}],"replies":[{"embeddable":true,"href":"https:\/\/costapestcontrol.com\/es\/wp-json\/wp\/v2\/comments\/?post=935"}],"version-history":[{"count":1,"href":"https:\/\/costapestcontrol.com\/es\/wp-json\/wp\/v2\/pages\/935\/revisions\/"}],"predecessor-version":[{"id":997,"href":"https:\/\/costapestcontrol.com\/es\/wp-json\/wp\/v2\/pages\/935\/revisions\/997\/"}],"wp:attachment":[{"href":"https:\/\/costapestcontrol.com\/es\/wp-json\/wp\/v2\/media\/?parent=935"}],"curies":[{"name":"wp","href":"https:\/\/api.w.org\/{rel}","templated":true}]}}