{"id":884,"date":"2016-07-20T12:53:01","date_gmt":"2016-07-20T12:53:01","guid":{"rendered":"https:\/\/costapestcontrol.com\/about\/"},"modified":"2021-02-25T15:13:40","modified_gmt":"2021-02-25T14:13:40","slug":"about","status":"publish","type":"page","link":"https:\/\/costapestcontrol.com\/es\/about\/","title":{"rendered":"Nosotros"},"content":{"rendered":"<p>[vc_row][vc_column css=\u00bb.vc_custom_1469030303772{margin-bottom: 1.8rem !important;}\u00bb][vc_column_text css_animation=\u00bbnone\u00bb css=\u00bb.vc_custom_1614262413509{margin-bottom: 20px !important;}\u00bb]<\/p>\n<h1 style=\"text-align: center;\">Bienvenido a su Control Local de Plagas<\/h1>\n<p>&nbsp;<\/p>\n<p style=\"text-align: center;\"><strong>Control de Insectos Costa del Sol S.L.U , se fund\u00f3 en 1984. Aunque nuestras oficinas centrales se encuentran en San Pedro Alc\u00e1ntara (Marbella), ofrecemos servicios desde Los Barrios, Sotogrande, Estepona, Marbella y Mijas, incluyendo M\u00e1laga capital.<\/strong><\/p>\n<div style=\"text-align: center;\"><strong>Nuestro objetivo es ofrecer las mejores soluciones a todos los problemas de plagas, como roedores, cucarachas, mosquitos, termitas y dem\u00e1s insectos que representen una molestia en distintos \u00e1mbitos: dom\u00e9stico, industrial, etc\u2026, y que afecten a personas, enseres, edificios, zonas verdes, jardines y cualquier tipo de instalaciones.<\/strong><\/div>\n<div style=\"text-align: center;\"><strong>Control de Insectos Costa del Sol S.L.U es una empresa homologada e inscrita en el Registro Oficial de Establecimientos y Servicios Biocidas de Andaluc\u00eda con el n\u00famero 0066-AND-750.<\/strong><\/div>\n<div style=\"text-align: center;\"><\/div>\n<div style=\"text-align: center;\"><strong>Somos una empresa familiar y ofrecemos un servicio personal y especializado, atendi\u00e9ndole en ingl\u00e9s y espa\u00f1ol, con un tiempo de respuesta inferior a 24 horas. Cuando necesite ayuda con cualquier tipo de plagas, contacte con nosotros.<\/strong><\/div>\n<div><\/div>\n<div style=\"text-align: center;\"><strong>Un sinf\u00edn de clientes ha confiado en nosotros gracias a nuestra amplia experiencia en el campo de la salud ambiental, nuestra constante innovaci\u00f3n y la formaci\u00f3n de nuestro personal t\u00e9cnico y comercial, lo que nos posiciona como empresa de referencia en el sector.<\/strong><\/div>\n<p>[\/vc_column_text][vc_single_image image=\u00bb693&#8243; img_size=\u00bblarge\u00bb alignment=\u00bbcenter\u00bb style=\u00bbvc_box_rounded\u00bb css_animation=\u00bbzoomIn\u00bb css=\u00bb.vc_custom_1528129872470{margin-top: 10px !important;}\u00bb][\/vc_column][\/vc_row][vc_row full_width=\u00bbstretch_row\u00bb css=\u00bb.vc_custom_1469200925786{background-image: url !important;background-position: center !important;background-repeat: no-repeat !important;background-size: cover !important;}\u00bb][vc_column css=\u00bb.vc_custom_1469013099794{margin-bottom: 0.3rem !important;}\u00bb]<div class=\"sc_section\" style=\"color:#000000;\"><div class=\"sc_section_inner\"><h2 class=\"sc_section_title sc_item_title\">Nos tomamos muy en serio nuestro negocio<\/h2><div class=\"sc_section_descr sc_item_descr\">Contamos con un equipo de profesionales cualificados que le asesorar\u00e1n sobre todo tipo de plagas y le ofrecer\u00e1n las mejores soluciones para su tratamiento, eliminaci\u00f3n y control, pues est\u00e1n especializados en las ramas necesarias para garantizar el adecuado desarrollo de nuestros proyectos y servicios.<\/div><div class=\"sc_section_content_wrap\"><div id=\"sc_team_877108550_wrap\" class=\"sc_team_wrap\"><div id=\"sc_team_877108550\" class=\"sc_team sc_team_style_team-1  margin_bottom_huge\" style=\"width:100%;\"><div class=\"sc_columns columns_wrap\"><div class=\"column-1_4 column_padding_bottom\">\t\t\t<div id=\"sc_team_877108550_1\"\t\t\t\tclass=\"sc_team_item sc_team_item_1 odd first\"\n\t\t\t\t>\n\t\t\t\t<div class=\"sc_team_item_avatar\"><img class=\"wp-post-image\" width=\"540\" height=\"552\" alt=\"Orencio R\u00edos Rubio\" src=\"https:\/\/costapestcontrol.com\/wp-content\/uploads\/2016\/07\/Team1-1-540x552.jpg\"><\/div>\n\t\t\t\t<div class=\"sc_team_item_info\">\n                    \t\t\t\t\t<h6 class=\"sc_team_item_title\"><a href=\"https:\/\/costapestcontrol.com\/es\/team\/orencio\/\">Orencio R\u00edos Rubio<\/a><\/h6>\n\t\t\t\t\t<div class=\"sc_team_item_position\">Director<\/div>\n\t\t\t\t\t\t\t\t\t<\/div>\n\t\t\t<\/div>\n\t\t<\/div><div class=\"column-1_4 column_padding_bottom\">\t\t\t<div id=\"sc_team_877108550_2\"\t\t\t\tclass=\"sc_team_item sc_team_item_2 even\"\n\t\t\t\t>\n\t\t\t\t<div class=\"sc_team_item_avatar\"><img class=\"wp-post-image\" width=\"540\" height=\"552\" alt=\"Alberto R\u00edos Montesinos\" src=\"https:\/\/costapestcontrol.com\/wp-content\/uploads\/2016\/07\/Team2-540x552.jpg\"><\/div>\n\t\t\t\t<div class=\"sc_team_item_info\">\n                    \t\t\t\t\t<h6 class=\"sc_team_item_title\"><a href=\"https:\/\/costapestcontrol.com\/es\/team\/alberto-rios\/\">Alberto R\u00edos Montesinos<\/a><\/h6>\n\t\t\t\t\t<div class=\"sc_team_item_position\">T\u00e9cnico Nivel 2<\/div>\n\t\t\t\t\t\t\t\t\t<\/div>\n\t\t\t<\/div>\n\t\t<\/div><div class=\"column-1_4 column_padding_bottom\">\t\t\t<div id=\"sc_team_877108550_3\"\t\t\t\tclass=\"sc_team_item sc_team_item_3 odd\"\n\t\t\t\t>\n\t\t\t\t<div class=\"sc_team_item_avatar\"><img class=\"wp-post-image\" width=\"540\" height=\"552\" alt=\"Silvia R\u00edos Montesinos\" src=\"https:\/\/costapestcontrol.com\/wp-content\/uploads\/2016\/07\/Team3-540x552.jpg\"><\/div>\n\t\t\t\t<div class=\"sc_team_item_info\">\n                    \t\t\t\t\t<h6 class=\"sc_team_item_title\"><a href=\"https:\/\/costapestcontrol.com\/es\/team\/sylvia\/\">Silvia R\u00edos Montesinos<\/a><\/h6>\n\t\t\t\t\t<div class=\"sc_team_item_position\">Oficina, Responsable T\u00e9cnico<\/div>\n\t\t\t\t\t\t\t\t\t<\/div>\n\t\t\t<\/div>\n\t\t<\/div><div class=\"column-1_4 column_padding_bottom\">\t\t\t<div id=\"sc_team_877108550_4\"\t\t\t\tclass=\"sc_team_item sc_team_item_4 even\"\n\t\t\t\t>\n\t\t\t\t<div class=\"sc_team_item_avatar\"><img class=\"wp-post-image\" width=\"540\" height=\"552\" alt=\"Santiago R\u00edos Rubio\" src=\"https:\/\/costapestcontrol.com\/wp-content\/uploads\/2018\/05\/Team5-540x552.jpg\"><\/div>\n\t\t\t\t<div class=\"sc_team_item_info\">\n                    \t\t\t\t\t<h6 class=\"sc_team_item_title\"><a href=\"https:\/\/costapestcontrol.com\/es\/team\/santiago\/\">Santiago R\u00edos Rubio<\/a><\/h6>\n\t\t\t\t\t<div class=\"sc_team_item_position\">Inspector de control de plagas<\/div>\n\t\t\t\t\t\t\t\t\t<\/div>\n\t\t\t<\/div>\n\t\t<\/div><\/div><\/div><!-- \/.sc_team --><\/div><!-- \/.sc_team_wrap --><\/div><\/div><\/div>[\/vc_column][\/vc_row]<\/p>\n","protected":false},"excerpt":{"rendered":"<p>[vc_row][vc_column css=\u00bb.vc_custom_1469030303772{margin-bottom: 1.8rem !important;}\u00bb][vc_column_text css_animation=\u00bbnone\u00bb css=\u00bb.vc_custom_1614262413509{margin-bottom: 20px !important;}\u00bb] Bienvenido a su Control Local de Plagas &nbsp; Control de Insectos Costa del Sol S.L.U , se fund\u00f3 en 1984. Aunque nuestras oficinas centrales se encuentran en San Pedro Alc\u00e1ntara (Marbella), ofrecemos servicios desde Los Barrios, Sotogrande, Estepona, Marbella y Mijas, incluyendo M\u00e1laga capital. Nuestro objetivo es [&hellip;]<\/p>\n","protected":false},"author":1,"featured_media":0,"parent":0,"menu_order":0,"comment_status":"closed","ping_status":"closed","template":"","meta":{"footnotes":""},"_links":{"self":[{"href":"https:\/\/costapestcontrol.com\/es\/wp-json\/wp\/v2\/pages\/884\/"}],"collection":[{"href":"https:\/\/costapestcontrol.com\/es\/wp-json\/wp\/v2\/pages\/"}],"about":[{"href":"https:\/\/costapestcontrol.com\/es\/wp-json\/wp\/v2\/types\/page\/"}],"author":[{"embeddable":true,"href":"https:\/\/costapestcontrol.com\/es\/wp-json\/wp\/v2\/users\/1\/"}],"replies":[{"embeddable":true,"href":"https:\/\/costapestcontrol.com\/es\/wp-json\/wp\/v2\/comments\/?post=884"}],"version-history":[{"count":5,"href":"https:\/\/costapestcontrol.com\/es\/wp-json\/wp\/v2\/pages\/884\/revisions\/"}],"predecessor-version":[{"id":1057,"href":"https:\/\/costapestcontrol.com\/es\/wp-json\/wp\/v2\/pages\/884\/revisions\/1057\/"}],"wp:attachment":[{"href":"https:\/\/costapestcontrol.com\/es\/wp-json\/wp\/v2\/media\/?parent=884"}],"curies":[{"name":"wp","href":"https:\/\/api.w.org\/{rel}","templated":true}]}}