{"id":874,"date":"2016-07-19T06:12:30","date_gmt":"2016-07-19T06:12:30","guid":{"rendered":"https:\/\/costapestcontrol.com\/home-1\/"},"modified":"2021-02-25T15:10:26","modified_gmt":"2021-02-25T14:10:26","slug":"home-1","status":"publish","type":"page","link":"https:\/\/costapestcontrol.com\/es\/","title":{"rendered":"Inicio"},"content":{"rendered":"<p>[vc_row full_width=\u00bbstretch_row_content_no_spaces\u00bb css=\u00bb.vc_custom_1469108115121{margin-top: -4.3rem !important;}\u00bb][vc_column]<div class=\"sc_section\"><div class=\"sc_section_inner\"><div class=\"sc_section_overlay\" style=\"background-color:rgba(58,58,58,0.8);\" data-overlay=\"0.8\" data-bg_color=\"#3a3a3a\"><div class=\"sc_section_content padding_on\" style=\"\"><div class=\"sc_section_content_wrap\"><h4 class=\"sc_title sc_title_iconed sc_align_center\" style=\"margin-top: 0.3rem;margin-bottom: 0.28rem;text-align:center;color:#ffffff;\"><span class=\"sc_title_icon sc_title_icon_left  sc_title_icon_small icon-phone-2\"><\/span>LAS PLAGAS NO TENDR\u00c1N NINGUNA OPORTUNIDAD \u2026 Ll\u00e1menos <span class=\"sc_highlight sc_highlight_style_1\"> +34\u00a0658 840 514<\/span><\/h4><\/div><\/div><\/div><\/div><\/div>[\/vc_column][\/vc_row][vc_row full_width=\u00bbstretch_row\u00bb css=\u00bb.vc_custom_1469108064288{background-image: !important;background-position: 0 0 !important;background-repeat: repeat !important;}\u00bb][vc_column css=\u00bb.vc_custom_1469111140412{margin-top: 0.35rem !important;}\u00bb]<div id=\"sc_services_1404306016_wrap\" class=\"sc_services_wrap\"><div id=\"sc_services_1404306016\" class=\"sc_services sc_services_style_services-1 sc_services_type_icons  margin_top_null margin_bottom_null not_show_descr\" style=\"width:100%;\"><div class=\"sc_columns columns_wrap\"><div class=\"column-1_4 column_padding_bottom\">\t\t\t<div id=\"sc_services_1404306016_1\"\t\t\t\tclass=\"sc_services_item sc_services_item_1 odd first\"\n\t\t\t\t>\n\t\t\t\t<a href=\"https:\/\/costapestcontrol.com\/es\/services\/eco-friendly-technologies\/\"><span class=\"sc_icon icon-icon1\"><\/span><\/a>\t\t\t\t<div class=\"sc_services_item_content\">\n\t\t\t\t\t<h6 class=\"sc_services_item_title\"><a href=\"https:\/\/costapestcontrol.com\/es\/services\/eco-friendly-technologies\/\">Tecnolog\u00eda ecol\u00f3gica<\/a><\/h6>\n\t\t\t\t\t<div class=\"sc_services_item_description\">\n\t\t\t\t\t\t<p>All the products used by our company are guaranteed by the Ministry of Health. Safety is our number 1 priority.<\/p><a href=\"https:\/\/costapestcontrol.com\/es\/services\/eco-friendly-technologies\/\" class=\"sc_button sc_button_square sc_button_style_filled sc_button_size_medium  sc_button_iconed icon-right\">Lee mas<\/a>\t\t\t\t\t<\/div>\n\t\t\t\t<\/div>\n\t\t\t<\/div>\n\t\t<\/div><div class=\"column-1_4 column_padding_bottom\">\t\t\t<div id=\"sc_services_1404306016_2\"\t\t\t\tclass=\"sc_services_item sc_services_item_2 even\"\n\t\t\t\t>\n\t\t\t\t<a href=\"https:\/\/costapestcontrol.com\/es\/services\/free-home-inspection\/\"><span class=\"sc_icon icon-icon2\"><\/span><\/a>\t\t\t\t<div class=\"sc_services_item_content\">\n\t\t\t\t\t<h6 class=\"sc_services_item_title\"><a href=\"https:\/\/costapestcontrol.com\/es\/services\/free-home-inspection\/\">Inspecci\u00f3n gratuita<\/a><\/h6>\n\t\t\t\t\t<div class=\"sc_services_item_description\">\n\t\t\t\t\t\t<p>Our quality policy aims at responding to your questions or requests for services in less than 24 hours.<\/p><a href=\"https:\/\/costapestcontrol.com\/es\/services\/free-home-inspection\/\" class=\"sc_button sc_button_square sc_button_style_filled sc_button_size_medium  sc_button_iconed icon-right\">Lee mas<\/a>\t\t\t\t\t<\/div>\n\t\t\t\t<\/div>\n\t\t\t<\/div>\n\t\t<\/div><div class=\"column-1_4 column_padding_bottom\">\t\t\t<div id=\"sc_services_1404306016_3\"\t\t\t\tclass=\"sc_services_item sc_services_item_3 odd\"\n\t\t\t\t>\n\t\t\t\t<a href=\"https:\/\/costapestcontrol.com\/es\/services\/licensed-protected\/\"><span class=\"sc_icon icon-icon3\"><\/span><\/a>\t\t\t\t<div class=\"sc_services_item_content\">\n\t\t\t\t\t<h6 class=\"sc_services_item_title\"><a href=\"https:\/\/costapestcontrol.com\/es\/services\/licensed-protected\/\">Con licencia y protegido<\/a><\/h6>\n\t\t\t\t\t<div class=\"sc_services_item_description\">\n\t\t\t\t\t\t<p>Control de Insectos Costa del Sol S.L. is qualified and fully licensed and certified by the Regional Government of Andalusia.<\/p><a href=\"https:\/\/costapestcontrol.com\/es\/services\/licensed-protected\/\" class=\"sc_button sc_button_square sc_button_style_filled sc_button_size_medium  sc_button_iconed icon-right\">Lee mas<\/a>\t\t\t\t\t<\/div>\n\t\t\t\t<\/div>\n\t\t\t<\/div>\n\t\t<\/div><div class=\"column-1_4 column_padding_bottom\">\t\t\t<div id=\"sc_services_1404306016_4\"\t\t\t\tclass=\"sc_services_item sc_services_item_4 even\"\n\t\t\t\t>\n\t\t\t\t<a href=\"https:\/\/costapestcontrol.com\/es\/services\/fast-pest-removal\/\"><span class=\"sc_icon icon-icon4\"><\/span><\/a>\t\t\t\t<div class=\"sc_services_item_content\">\n\t\t\t\t\t<h6 class=\"sc_services_item_title\"><a href=\"https:\/\/costapestcontrol.com\/es\/services\/fast-pest-removal\/\">Eliminaci\u00f3n r\u00e1pida<\/a><\/h6>\n\t\t\t\t\t<div class=\"sc_services_item_description\">\n\t\t\t\t\t\t<p>Control de Insectos Costa del Sol S.L. provides solutions to all problems of pest control and environmental health.<\/p><a href=\"https:\/\/costapestcontrol.com\/es\/services\/fast-pest-removal\/\" class=\"sc_button sc_button_square sc_button_style_filled sc_button_size_medium  sc_button_iconed icon-right\">Lee mas<\/a>\t\t\t\t\t<\/div>\n\t\t\t\t<\/div>\n\t\t\t<\/div>\n\t\t<\/div><\/div><\/div><!-- \/.sc_services --><\/div><!-- \/.sc_services_wrap -->[\/vc_column][\/vc_row][vc_row][vc_column css=\u00bb.vc_custom_1469181741877{margin-bottom: 1.75rem !important;}\u00bb]<div class=\"sc_section margin_top_null margin_bottom_null\"><div class=\"sc_section_inner\"><h2 class=\"sc_section_title sc_item_title\">Bienvenido a su Control Local de Plagas<\/h2><div class=\"sc_section_descr sc_item_descr\">Control de Insectos Costa del Sol, S. L.U. es una de las empresas l\u00edderes en la zona de Sotogrande a M\u00e1laga en la prestaci\u00f3n de servicios de Salud Ambiental. Desde nuestros comienzos en el a\u00f1o 1984, desarrollamos nuestro trabajo en este \u00e1mbito, ofreciendo soluciones a todos los problemas de control de plagas y salud ambiental para particulares y empresas en entornos urbanos e industriales, as\u00ed como en la industria alimentaria.<br \/>\nBas\u00e1ndonos en un buen conocimiento de la biolog\u00eda de las plagas, el uso de raticidas e insecticidas, y respaldados por la amplia experiencia de nuestros t\u00e9cnicos en estos campos, podemos ofrecerles unos servicios de la m\u00e1xima calidad y eficacia, garantizando al mismo tiempo la aplicaci\u00f3n de normas de salud p\u00fablica. Todos los productos utilizados por nuestra empresa est\u00e1n garantizados por el Ministerio de Sanidad.<\/div><div class=\"sc_section_content_wrap\"><\/div><\/div><\/div><div class=\"sc_section margin_top_null margin_bottom_null\"><div class=\"sc_section_inner\"><h2 class=\"sc_section_title sc_item_title\">Servicios<\/h2><div class=\"sc_section_descr sc_item_descr\">El principal objetivo de Control de Insectos Costa del Sol, S.L.U. es proponer soluciones efectivas y econ\u00f3micas en la aplicaci\u00f3n de servicios sanitarios, observando una marcada conducta de respeto hacia el medio ambiente. Todos nuestros tratamientos contra las plagas se realizan con la dosis exacta y necesaria seg\u00fan la situaci\u00f3n.<\/div><div class=\"sc_section_content_wrap\"><div id=\"sc_services_1808762045_wrap\" class=\"sc_services_wrap\"><div id=\"sc_services_1808762045\" class=\"sc_services sc_services_style_services-2 sc_services_type_images  margin_top_null margin_bottom_null\" style=\"width:100%;\"><div class=\"sc_columns columns_wrap\"><div class=\"column-1_4 column_padding_bottom\">        <div id=\"sc_services_1808762045_1\"            class=\"sc_services_item sc_services_item_1 odd first\"\n            >\n                            <div class=\"sc_services_item_featured post_featured\">\n                    \t<div class=\"post_thumb\" data-image=\"https:\/\/costapestcontrol.com\/wp-content\/uploads\/2016\/07\/desinsection.jpg\" data-title=\"Desinsectaci\u00f3n\">\n\t<a class=\"hover_icon hover_icon_link\" href=\"https:\/\/costapestcontrol.com\/es\/services\/insect-control\/\"><img class=\"wp-post-image\" width=\"370\" height=\"350\" alt=\"Desinsectaci\u00f3n\" src=\"https:\/\/costapestcontrol.com\/wp-content\/uploads\/2016\/07\/desinsection-370x350.jpg\"><\/a>\t<\/div>\n\t                    <h4 class=\"sc_services_item_title\"><a href=\"https:\/\/costapestcontrol.com\/es\/services\/insect-control\/\">Desinsectaci\u00f3n<\/a><\/h4>                <\/div>\n                        <div class=\"sc_services_item_content\">\n                <a href=\"https:\/\/costapestcontrol.com\/es\/services\/insect-control\/\"><span class=\"sc_icon icon-icon_insect\"><\/span><\/a><h4 class=\"sc_services_item_title\"><a href=\"https:\/\/costapestcontrol.com\/es\/services\/insect-control\/\">Desinsectaci\u00f3n<\/a><\/h4>\n                <div class=\"sc_services_item_description\">\n                    <p>Todas las medidas y t\u00e9cnicas utilizadas para controlar y eliminar los insectos y otros artr\u00f3podos.<\/p>                <\/div>\n            <\/div>\n        <\/div>\n        <\/div><div class=\"column-1_4 column_padding_bottom\">        <div id=\"sc_services_1808762045_2\"            class=\"sc_services_item sc_services_item_2 even\"\n            >\n                            <div class=\"sc_services_item_featured post_featured\">\n                    \t<div class=\"post_thumb\" data-image=\"https:\/\/costapestcontrol.com\/wp-content\/uploads\/2016\/07\/deratisation.jpg\" data-title=\"Desratizaci\u00f3n\">\n\t<a class=\"hover_icon hover_icon_link\" href=\"https:\/\/costapestcontrol.com\/es\/services\/rodent-extermination\/\"><img class=\"wp-post-image\" width=\"370\" height=\"350\" alt=\"Desratizaci\u00f3n\" src=\"https:\/\/costapestcontrol.com\/wp-content\/uploads\/2016\/07\/deratisation-370x350.jpg\"><\/a>\t<\/div>\n\t                    <h4 class=\"sc_services_item_title\"><a href=\"https:\/\/costapestcontrol.com\/es\/services\/rodent-extermination\/\">Desratizaci\u00f3n<\/a><\/h4>                <\/div>\n                        <div class=\"sc_services_item_content\">\n                <a href=\"https:\/\/costapestcontrol.com\/es\/services\/rodent-extermination\/\"><span class=\"sc_icon icon-icon_rodent\"><\/span><\/a><h4 class=\"sc_services_item_title\"><a href=\"https:\/\/costapestcontrol.com\/es\/services\/rodent-extermination\/\">Desratizaci\u00f3n<\/a><\/h4>\n                <div class=\"sc_services_item_description\">\n                    <p>Nos referimos a la t\u00e9cnica de utilizaci\u00f3n de barreras f\u00edsicas y productos capaces de eliminar ratas y ratones.<\/p>                <\/div>\n            <\/div>\n        <\/div>\n        <\/div><div class=\"column-1_4 column_padding_bottom\">        <div id=\"sc_services_1808762045_3\"            class=\"sc_services_item sc_services_item_3 odd\"\n            >\n                            <div class=\"sc_services_item_featured post_featured\">\n                    \t<div class=\"post_thumb\" data-image=\"https:\/\/costapestcontrol.com\/wp-content\/uploads\/2016\/07\/disinfection.jpg\" data-title=\"Desinfecci\u00f3n\">\n\t<a class=\"hover_icon hover_icon_link\" href=\"https:\/\/costapestcontrol.com\/es\/services\/disinfection\/\"><img class=\"wp-post-image\" width=\"370\" height=\"350\" alt=\"Desinfecci\u00f3n\" src=\"https:\/\/costapestcontrol.com\/wp-content\/uploads\/2016\/07\/disinfection-370x350.jpg\"><\/a>\t<\/div>\n\t                    <h4 class=\"sc_services_item_title\"><a href=\"https:\/\/costapestcontrol.com\/es\/services\/disinfection\/\">Desinfecci\u00f3n<\/a><\/h4>                <\/div>\n                        <div class=\"sc_services_item_content\">\n                <a href=\"https:\/\/costapestcontrol.com\/es\/services\/disinfection\/\"><span class=\"sc_icon icon-icon_mole\"><\/span><\/a><h4 class=\"sc_services_item_title\"><a href=\"https:\/\/costapestcontrol.com\/es\/services\/disinfection\/\">Desinfecci\u00f3n<\/a><\/h4>\n                <div class=\"sc_services_item_description\">\n                    <p>Our industry standard insect pest control service is guaranteed to get rid of your insect problems<\/p>                <\/div>\n            <\/div>\n        <\/div>\n        <\/div><div class=\"column-1_4 column_padding_bottom\">        <div id=\"sc_services_1808762045_4\"            class=\"sc_services_item sc_services_item_4 even\"\n            >\n                            <div class=\"sc_services_item_featured post_featured\">\n                    \t<div class=\"post_thumb\" data-image=\"https:\/\/costapestcontrol.com\/wp-content\/uploads\/2016\/07\/wood.jpg\" data-title=\"Madera &#038; Termitas\">\n\t<a class=\"hover_icon hover_icon_link\" href=\"https:\/\/costapestcontrol.com\/es\/services\/wood-termite-treatments\/\"><img class=\"wp-post-image\" width=\"370\" height=\"350\" alt=\"Madera &#038; Termitas\" src=\"https:\/\/costapestcontrol.com\/wp-content\/uploads\/2016\/07\/wood-370x350.jpg\"><\/a>\t<\/div>\n\t                    <h4 class=\"sc_services_item_title\"><a href=\"https:\/\/costapestcontrol.com\/es\/services\/wood-termite-treatments\/\">Madera &#038; Termitas<\/a><\/h4>                <\/div>\n                        <div class=\"sc_services_item_content\">\n                <a href=\"https:\/\/costapestcontrol.com\/es\/services\/wood-termite-treatments\/\"><span class=\"sc_icon icon-icon1\"><\/span><\/a><h4 class=\"sc_services_item_title\"><a href=\"https:\/\/costapestcontrol.com\/es\/services\/wood-termite-treatments\/\">Madera &#038; Termitas<\/a><\/h4>\n                <div class=\"sc_services_item_description\">\n                    <p>Our industry standard insect pest control service is guaranteed to get rid of your insect problems<\/p>                <\/div>\n            <\/div>\n        <\/div>\n        <\/div><\/div><\/div><!-- \/.sc_services --><\/div><!-- \/.sc_services_wrap --><\/div><\/div><\/div>[\/vc_column][\/vc_row][vc_row full_width=\u00bbstretch_row\u00bb css=\u00bb.vc_custom_1469200822768{background-image: !important;background-position: center !important;background-repeat: no-repeat !important;background-size: cover !important;}\u00bb][vc_column css=\u00bb.vc_custom_1469013099794{margin-bottom: 0.3rem !important;}\u00bb]<div class=\"sc_section margin_top_null margin_bottom_null\" style=\"color:#000000;\"><div class=\"sc_section_inner\"><h2 class=\"sc_section_title sc_item_title\">Nos tomamos muy en serio nuestro negocio<\/h2><div class=\"sc_section_descr sc_item_descr\">Contamos con un equipo de profesionales cualificados que le asesorar\u00e1n sobre todo tipo de plagas y le ofrecer\u00e1n las mejores soluciones para su tratamiento, eliminaci\u00f3n y control, pues est\u00e1n especializados en las ramas necesarias para garantizar el adecuado desarrollo de nuestros proyectos y servicios.<\/div><div class=\"sc_section_content_wrap\"><div id=\"sc_team_1898317244_wrap\" class=\"sc_team_wrap\"><div id=\"sc_team_1898317244\" class=\"sc_team sc_team_style_team-1  margin_top_null margin_bottom_null\" style=\"width:100%;\"><div class=\"sc_columns columns_wrap\"><div class=\"column-1_4 column_padding_bottom\">\t\t\t<div id=\"sc_team_1898317244_1\"\t\t\t\tclass=\"sc_team_item sc_team_item_1 odd first\"\n\t\t\t\t>\n\t\t\t\t<div class=\"sc_team_item_avatar\"><img class=\"wp-post-image\" width=\"540\" height=\"552\" alt=\"Orencio R\u00edos Rubio\" src=\"https:\/\/costapestcontrol.com\/wp-content\/uploads\/2016\/07\/Team1-1-540x552.jpg\"><\/div>\n\t\t\t\t<div class=\"sc_team_item_info\">\n                    \t\t\t\t\t<h6 class=\"sc_team_item_title\"><a href=\"https:\/\/costapestcontrol.com\/es\/team\/orencio\/\">Orencio R\u00edos Rubio<\/a><\/h6>\n\t\t\t\t\t<div class=\"sc_team_item_position\">Director<\/div>\n\t\t\t\t\t\t\t\t\t<\/div>\n\t\t\t<\/div>\n\t\t<\/div><div class=\"column-1_4 column_padding_bottom\">\t\t\t<div id=\"sc_team_1898317244_2\"\t\t\t\tclass=\"sc_team_item sc_team_item_2 even\"\n\t\t\t\t>\n\t\t\t\t<div class=\"sc_team_item_avatar\"><img class=\"wp-post-image\" width=\"540\" height=\"552\" alt=\"Alberto R\u00edos Montesinos\" src=\"https:\/\/costapestcontrol.com\/wp-content\/uploads\/2016\/07\/Team2-540x552.jpg\"><\/div>\n\t\t\t\t<div class=\"sc_team_item_info\">\n                    \t\t\t\t\t<h6 class=\"sc_team_item_title\"><a href=\"https:\/\/costapestcontrol.com\/es\/team\/alberto-rios\/\">Alberto R\u00edos Montesinos<\/a><\/h6>\n\t\t\t\t\t<div class=\"sc_team_item_position\">T\u00e9cnico Nivel 2<\/div>\n\t\t\t\t\t\t\t\t\t<\/div>\n\t\t\t<\/div>\n\t\t<\/div><div class=\"column-1_4 column_padding_bottom\">\t\t\t<div id=\"sc_team_1898317244_3\"\t\t\t\tclass=\"sc_team_item sc_team_item_3 odd\"\n\t\t\t\t>\n\t\t\t\t<div class=\"sc_team_item_avatar\"><img class=\"wp-post-image\" width=\"540\" height=\"552\" alt=\"Silvia R\u00edos Montesinos\" src=\"https:\/\/costapestcontrol.com\/wp-content\/uploads\/2016\/07\/Team3-540x552.jpg\"><\/div>\n\t\t\t\t<div class=\"sc_team_item_info\">\n                    \t\t\t\t\t<h6 class=\"sc_team_item_title\"><a href=\"https:\/\/costapestcontrol.com\/es\/team\/sylvia\/\">Silvia R\u00edos Montesinos<\/a><\/h6>\n\t\t\t\t\t<div class=\"sc_team_item_position\">Oficina, Responsable T\u00e9cnico<\/div>\n\t\t\t\t\t\t\t\t\t<\/div>\n\t\t\t<\/div>\n\t\t<\/div><div class=\"column-1_4 column_padding_bottom\">\t\t\t<div id=\"sc_team_1898317244_4\"\t\t\t\tclass=\"sc_team_item sc_team_item_4 even\"\n\t\t\t\t>\n\t\t\t\t<div class=\"sc_team_item_avatar\"><img class=\"wp-post-image\" width=\"540\" height=\"552\" alt=\"Santiago R\u00edos Rubio\" src=\"https:\/\/costapestcontrol.com\/wp-content\/uploads\/2018\/05\/Team5-540x552.jpg\"><\/div>\n\t\t\t\t<div class=\"sc_team_item_info\">\n                    \t\t\t\t\t<h6 class=\"sc_team_item_title\"><a href=\"https:\/\/costapestcontrol.com\/es\/team\/santiago\/\">Santiago R\u00edos Rubio<\/a><\/h6>\n\t\t\t\t\t<div class=\"sc_team_item_position\">Inspector de control de plagas<\/div>\n\t\t\t\t\t\t\t\t\t<\/div>\n\t\t\t<\/div>\n\t\t<\/div><\/div><\/div><!-- \/.sc_team --><\/div><!-- \/.sc_team_wrap --><\/div><\/div><\/div>[\/vc_column][\/vc_row]<\/p>\n","protected":false},"excerpt":{"rendered":"<p>[vc_row full_width=\u00bbstretch_row_content_no_spaces\u00bb css=\u00bb.vc_custom_1469108115121{margin-top: -4.3rem !important;}\u00bb][vc_column][\/vc_column][\/vc_row][vc_row full_width=\u00bbstretch_row\u00bb css=\u00bb.vc_custom_1469108064288{background-image: !important;background-position: 0 0 !important;background-repeat: repeat !important;}\u00bb][vc_column css=\u00bb.vc_custom_1469111140412{margin-top: 0.35rem !important;}\u00bb][\/vc_column][\/vc_row][vc_row][vc_column css=\u00bb.vc_custom_1469181741877{margin-bottom: 1.75rem !important;}\u00bb][\/vc_column][\/vc_row][vc_row full_width=\u00bbstretch_row\u00bb css=\u00bb.vc_custom_1469200822768{background-image: !important;background-position: center !important;background-repeat: no-repeat !important;background-size: cover !important;}\u00bb][vc_column css=\u00bb.vc_custom_1469013099794{margin-bottom: 0.3rem !important;}\u00bb][\/vc_column][\/vc_row]<\/p>\n","protected":false},"author":1,"featured_media":0,"parent":0,"menu_order":0,"comment_status":"closed","ping_status":"closed","template":"","meta":{"footnotes":""},"_links":{"self":[{"href":"https:\/\/costapestcontrol.com\/es\/wp-json\/wp\/v2\/pages\/874\/"}],"collection":[{"href":"https:\/\/costapestcontrol.com\/es\/wp-json\/wp\/v2\/pages\/"}],"about":[{"href":"https:\/\/costapestcontrol.com\/es\/wp-json\/wp\/v2\/types\/page\/"}],"author":[{"embeddable":true,"href":"https:\/\/costapestcontrol.com\/es\/wp-json\/wp\/v2\/users\/1\/"}],"replies":[{"embeddable":true,"href":"https:\/\/costapestcontrol.com\/es\/wp-json\/wp\/v2\/comments\/?post=874"}],"version-history":[{"count":11,"href":"https:\/\/costapestcontrol.com\/es\/wp-json\/wp\/v2\/pages\/874\/revisions\/"}],"predecessor-version":[{"id":1055,"href":"https:\/\/costapestcontrol.com\/es\/wp-json\/wp\/v2\/pages\/874\/revisions\/1055\/"}],"wp:attachment":[{"href":"https:\/\/costapestcontrol.com\/es\/wp-json\/wp\/v2\/media\/?parent=874"}],"curies":[{"name":"wp","href":"https:\/\/api.w.org\/{rel}","templated":true}]}}